{"id":3722,"date":"2023-12-01T10:19:55","date_gmt":"2023-12-01T10:19:55","guid":{"rendered":"https:\/\/demo.anarieldesign.com\/fuel\/?page_id=3722"},"modified":"2024-11-01T16:27:44","modified_gmt":"2024-11-01T22:27:44","slug":"our-industry","status":"publish","type":"page","link":"https:\/\/jooisnack.com\/es\/our-industry\/","title":{"rendered":"Manifiesto"},"content":{"rendered":"<h1 class=\"wp-block-heading alignwide has-text-align-center is-style-default has-foreground-color has-text-color has-link-color has-gigantic-font-size wp-elements-3d0ba82e6d660f9a8f2fa9faf629257b\">MANIFIESTO<\/h1>\n\n\n\n<div class=\"wp-block-cover alignfull is-light\" style=\"min-height:455px;aspect-ratio:unset;\"><span aria-hidden=\"true\" class=\"wp-block-cover__background has-background-dim-0 has-background-dim\" style=\"background-color:#FFF\"><\/span><video class=\"wp-block-cover__video-background intrinsic-ignore\" autoplay muted loop playsinline src=\"https:\/\/videos.files.wordpress.com\/HEuN6QjI\/amaranto-2.mp4\" data-object-fit=\"cover\"><\/video><div class=\"wp-block-cover__inner-container has-global-padding is-layout-constrained wp-block-cover-is-layout-constrained\">\n<p class=\"has-text-align-center has-large-font-size wp-block-paragraph\"><\/p>\n<\/div><\/div>\n\n\n\n<div class=\"wp-block-group alignfull has-global-padding is-content-justification-center is-layout-constrained wp-container-core-group-is-layout-7702c84b wp-block-group-is-layout-constrained\" style=\"margin-top:0;margin-bottom:0;padding-top:calc( 0.5 * var(--wp--style--root--padding-right, var(--wp--custom--gap--horizontal)));padding-right:var(--wp--style--root--padding-right, var(--wp--custom--gap--horizontal));padding-bottom:calc( 0.5 * var(--wp--style--root--padding-right, var(--wp--custom--gap--horizontal)));padding-left:var(--wp--style--root--padding-left, var(--wp--custom--gap--horizontal))\">\n<div style=\"height:calc( 0.25 * var(--wp--style--root--padding-right, var(--wp--custom--gap--horizontal)))\" aria-hidden=\"true\" class=\"wp-block-spacer\"><\/div>\n\n\n\n<div class=\"wp-block-columns alignwide is-layout-flex wp-container-core-columns-is-layout-f56f613f wp-block-columns-is-layout-flex\">\n<div class=\"wp-block-column is-layout-flow wp-block-column-is-layout-flow\" style=\"flex-basis:20%\"><\/div>\n\n\n\n<div class=\"wp-block-column has-global-padding is-layout-constrained wp-block-column-is-layout-constrained\" style=\"flex-basis:60%\">\n<p class=\"has-text-align-center wp-container-content-663c14dd wp-block-paragraph\">Creemos que debemos cuidar la alimentaci\u00f3n y comer saludable, aunque no tenemos por qu\u00e9 reprimirnos ni culparnos si tenemos un antojo.<\/p>\n\n\n\n<p class=\"has-text-align-center wp-block-paragraph\">Creemos que conservar las tradiciones es vital para preservar nuestra cultura. Creemos que en cada decisi\u00f3n de consumo, decidimos el mundo en el que queremos vivir.<\/p>\n\n\n\n<p class=\"has-text-align-center wp-block-paragraph\">Creemos que ingredientes ancestrales como el amaranto deben ser preservados, ya que beneficia tanto a nuestra salud como a nuestro entorno natural y social.<\/p>\n<\/div>\n\n\n\n<div class=\"wp-block-column is-layout-flow wp-block-column-is-layout-flow\" style=\"flex-basis:20%\"><\/div>\n<\/div>\n<\/div>\n\n\n\n<div class=\"wp-block-group alignfull has-global-padding is-layout-constrained wp-container-core-group-is-layout-42565eff wp-block-group-is-layout-constrained\" style=\"padding-top:var(--wp--preset--spacing--50);padding-right:13px;padding-bottom:var(--wp--preset--spacing--50);padding-left:13px\">\n<h2 class=\"wp-block-heading has-text-align-center\" style=\"font-style:normal;font-weight:400\">Tienes alguna pregunta? Bueno, tenemos todas las respuestas<\/h2>\n\n\n\n<div class=\"wp-block-group alignwide is-style-fuel-shadow has-secondary-background-color has-background has-global-padding is-layout-constrained wp-container-core-group-is-layout-a4a0de6a wp-block-group-is-layout-constrained\" style=\"padding-top:var(--wp--preset--spacing--30);padding-right:var(--wp--preset--spacing--40);padding-bottom:var(--wp--preset--spacing--50);padding-left:var(--wp--preset--spacing--40)\">\n<div class=\"wp-block-group alignfull faq has-global-padding is-layout-constrained wp-container-core-group-is-layout-b06c0ddb wp-block-group-is-layout-constrained\" style=\"padding-top:0px;padding-right:0px;padding-bottom:0px;padding-left:0px\">\n<div class=\"wp-block-group trigger is-style-default is-content-justification-space-between is-nowrap is-layout-flex wp-container-core-group-is-layout-20a2607e wp-block-group-is-layout-flex\" style=\"border-bottom-color:var(--wp--preset--color--primary);border-bottom-width:2px;padding-top:var(--wp--preset--spacing--30);padding-right:var(--wp--preset--spacing--30);padding-bottom:var(--wp--preset--spacing--30);padding-left:var(--wp--preset--spacing--30)\">\n<h3 class=\"wp-block-heading\" style=\"font-style:normal;font-weight:400\">01. Por qu\u00e9 nos llamamos JOOI?<\/h3>\n\n\n\n<p class=\"has-large-font-size wp-block-paragraph\">+<\/p>\n<\/div>\n\n\n\n<div class=\"wp-block-group content has-secondary-background-color has-background has-global-padding is-layout-constrained wp-container-core-group-is-layout-a892aba6 wp-block-group-is-layout-constrained\" style=\"padding-top:var(--wp--preset--spacing--30);padding-right:var(--wp--preset--spacing--30);padding-bottom:var(--wp--preset--spacing--30);padding-left:var(--wp--preset--spacing--30)\">\n<p class=\"wp-block-paragraph\">Inspirado en la alegr\u00eda de M\u00e9xico, la alegr\u00eda de las semillas tostadas al sol, que saltan al cocerse, pareciendo bailar entre ellas. El sol nos acompa\u00f1a en todo momento, y nuestras semillas aprovechan cada rayo de \u00e9l, desde el amanecer hasta el atardecer.<\/p>\n\n\n\n<p class=\"wp-block-paragraph\">Nuestro proyecto se levanta y se acuesta con amaranto, tratando de hacer nuestra peque\u00f1a contribuci\u00f3n a nuestra salud f\u00edsica y mental, y a nuestro entorno, tanto ambiental como comunitario, aprovechando cada rayo de sol.<\/p>\n<\/div>\n<\/div>\n\n\n\n<div class=\"wp-block-group alignfull faq has-global-padding is-layout-constrained wp-container-core-group-is-layout-b06c0ddb wp-block-group-is-layout-constrained\" style=\"padding-top:0px;padding-right:0px;padding-bottom:0px;padding-left:0px\">\n<div class=\"wp-block-group trigger is-content-justification-space-between is-nowrap is-layout-flex wp-container-core-group-is-layout-20a2607e wp-block-group-is-layout-flex\" style=\"border-bottom-color:var(--wp--preset--color--quaternary);border-bottom-width:2px;padding-top:var(--wp--preset--spacing--30);padding-right:var(--wp--preset--spacing--30);padding-bottom:var(--wp--preset--spacing--30);padding-left:var(--wp--preset--spacing--30)\">\n<h3 class=\"wp-block-heading\" style=\"font-style:normal;font-weight:400\">02. Por qu\u00e9 amaranto?<\/h3>\n\n\n\n<p class=\"has-large-font-size wp-block-paragraph\">+<\/p>\n<\/div>\n\n\n\n<div class=\"wp-block-group content has-secondary-background-color has-background has-global-padding is-layout-constrained wp-container-core-group-is-layout-a892aba6 wp-block-group-is-layout-constrained\" style=\"padding-top:var(--wp--preset--spacing--30);padding-right:var(--wp--preset--spacing--30);padding-bottom:var(--wp--preset--spacing--30);padding-left:var(--wp--preset--spacing--30)\">\n<p class=\"wp-block-paragraph\">Porque es una semilla, considerada un superalimento por su alto valor nutritivo, que se utilizaba en la \u00e9poca prehisp\u00e1nica y cay\u00f3 en desuso. Al recuperarla, no s\u00f3lo nos alimentamos mejor, sino que ayudamos a comunidades desfavorecidas a hacerlo tambi\u00e9n, adem\u00e1s de darles opciones de crecimiento sostenible. Y es que toda nuestra harina procede de San Miguel, comprada seg\u00fan el comercio justo, devolviendo a la comunidad todo lo que nos da. San Miguel es una asociaci\u00f3n que desde 1983 se dedica a producir amaranto y revertir gran parte de sus beneficios a la comunidad de Huzcazda.<\/p>\n<\/div>\n<\/div>\n\n\n\n<div class=\"wp-block-group alignfull faq has-global-padding is-layout-constrained wp-container-core-group-is-layout-b06c0ddb wp-block-group-is-layout-constrained\" style=\"padding-top:0px;padding-right:0px;padding-bottom:0px;padding-left:0px\">\n<div class=\"wp-block-group trigger is-content-justification-space-between is-nowrap is-layout-flex wp-container-core-group-is-layout-20a2607e wp-block-group-is-layout-flex\" style=\"border-bottom-color:var(--wp--preset--color--quinary);border-bottom-width:2px;padding-top:var(--wp--preset--spacing--30);padding-right:var(--wp--preset--spacing--30);padding-bottom:var(--wp--preset--spacing--30);padding-left:var(--wp--preset--spacing--30)\">\n<h3 class=\"wp-block-heading\" style=\"font-style:normal;font-weight:400\">03. Cu\u00e1l es el impacto social?<\/h3>\n\n\n\n<p class=\"has-large-font-size wp-block-paragraph\">+<\/p>\n<\/div>\n\n\n\n<div class=\"wp-block-group content has-secondary-background-color has-background has-global-padding is-layout-constrained wp-container-core-group-is-layout-a892aba6 wp-block-group-is-layout-constrained\" style=\"padding-top:var(--wp--preset--spacing--30);padding-right:var(--wp--preset--spacing--30);padding-bottom:var(--wp--preset--spacing--30);padding-left:var(--wp--preset--spacing--30)\">\n<p class=\"wp-block-paragraph\">Nuestro proyecto tiene una vertiente 100% integradora: estamos comprometidos por la salud f\u00edsica (harina integral de amaranto, fibra probi\u00f3tica) por la salud mental (excusando culpas, alej\u00e1ndonos de remordimientos) y por la salud social, redistribuyendo la cadena de valor y apoyando a las comunidades menos favorecidas. Adem\u00e1s, no podr\u00edamos hacerlo sin tener en cuenta el entorno en el que trabajamos: respetamos los cultivos originales, aquellos que necesitan mucho sol y poca agua.<\/p>\n<\/div>\n<\/div>\n<\/div>\n<\/div>","protected":false},"excerpt":{"rendered":"<p>MANIFESTO We believe that we must take care of food, and eat healthy, although we do not have to repress ourselves, nor blame ourselves if we feel like a craving. We believe that preserving traditions is vital to preserve our culture. We believe that in each consumption decision, we decide the world in which we [&hellip;]<\/p>\n","protected":false},"author":255652794,"featured_media":0,"parent":0,"menu_order":0,"comment_status":"closed","ping_status":"closed","template":"","meta":{"_crdt_document":"","advanced_seo_description":"","jetpack_seo_html_title":"","jetpack_seo_noindex":false,"footnotes":""},"class_list":["post-3722","page","type-page","status-publish","hentry"],"jetpack_likes_enabled":true,"jetpack_sharing_enabled":true,"jetpack_shortlink":"https:\/\/wp.me\/Pg2lTH-Y2","jetpack-related-posts":[],"_links":{"self":[{"href":"https:\/\/jooisnack.com\/es\/wp-json\/wp\/v2\/pages\/3722","targetHints":{"allow":["GET"]}}],"collection":[{"href":"https:\/\/jooisnack.com\/es\/wp-json\/wp\/v2\/pages"}],"about":[{"href":"https:\/\/jooisnack.com\/es\/wp-json\/wp\/v2\/types\/page"}],"author":[{"embeddable":true,"href":"https:\/\/jooisnack.com\/es\/wp-json\/wp\/v2\/users\/255652794"}],"replies":[{"embeddable":true,"href":"https:\/\/jooisnack.com\/es\/wp-json\/wp\/v2\/comments?post=3722"}],"version-history":[{"count":9,"href":"https:\/\/jooisnack.com\/es\/wp-json\/wp\/v2\/pages\/3722\/revisions"}],"predecessor-version":[{"id":4095,"href":"https:\/\/jooisnack.com\/es\/wp-json\/wp\/v2\/pages\/3722\/revisions\/4095"}],"wp:attachment":[{"href":"https:\/\/jooisnack.com\/es\/wp-json\/wp\/v2\/media?parent=3722"}],"curies":[{"name":"wp","href":"https:\/\/api.w.org\/{rel}","templated":true}]}}