{"id":2734,"date":"2023-10-23T11:04:42","date_gmt":"2023-10-23T11:04:42","guid":{"rendered":"http:\/\/fuel.local\/?page_id=2734"},"modified":"2025-06-26T18:00:21","modified_gmt":"2025-06-27T00:00:21","slug":"our-team","status":"publish","type":"page","link":"https:\/\/jooisnack.com\/es\/our-team\/","title":{"rendered":"Team"},"content":{"rendered":"<div class=\"wp-block-cover alignfull\" style=\"padding-top:var(--wp--preset--spacing--50);padding-right:var(--wp--preset--spacing--40);padding-bottom:var(--wp--preset--spacing--40);padding-left:var(--wp--preset--spacing--40);min-height:558px;aspect-ratio:unset;\"><img data-recalc-dims=\"1\" loading=\"lazy\" decoding=\"async\" width=\"1400\" height=\"701\" data-attachment-id=\"4058\" data-permalink=\"https:\/\/jooisnack.com\/es\/our-team\/campo-flores-amaranto-filtro-soleado-2\/\" data-orig-file=\"https:\/\/i0.wp.com\/jooisnack.com\/wp-content\/uploads\/2024\/10\/campo-flores-amaranto-filtro-soleado-1.webp?fit=1400%2C701&amp;ssl=1\" data-orig-size=\"1400,701\" data-comments-opened=\"1\" data-image-meta=\"{&quot;aperture&quot;:&quot;0&quot;,&quot;credit&quot;:&quot;&quot;,&quot;camera&quot;:&quot;&quot;,&quot;caption&quot;:&quot;&quot;,&quot;created_timestamp&quot;:&quot;0&quot;,&quot;copyright&quot;:&quot;&quot;,&quot;focal_length&quot;:&quot;0&quot;,&quot;iso&quot;:&quot;0&quot;,&quot;shutter_speed&quot;:&quot;0&quot;,&quot;title&quot;:&quot;&quot;,&quot;orientation&quot;:&quot;0&quot;}\" data-image-title=\"campo-flores-amaranto-filtro-soleado\" data-image-description=\"\" data-image-caption=\"\" data-large-file=\"https:\/\/i0.wp.com\/jooisnack.com\/wp-content\/uploads\/2024\/10\/campo-flores-amaranto-filtro-soleado-1.webp?fit=1024%2C513&amp;ssl=1\" class=\"wp-block-cover__image-background wp-image-4058\" alt=\"\" src=\"https:\/\/i0.wp.com\/jooisnack.com\/wp-content\/uploads\/2024\/10\/campo-flores-amaranto-filtro-soleado-1.webp?resize=1400%2C701&#038;ssl=1\" data-object-fit=\"cover\" srcset=\"https:\/\/i0.wp.com\/jooisnack.com\/wp-content\/uploads\/2024\/10\/campo-flores-amaranto-filtro-soleado-1.webp?w=1400&amp;ssl=1 1400w, https:\/\/i0.wp.com\/jooisnack.com\/wp-content\/uploads\/2024\/10\/campo-flores-amaranto-filtro-soleado-1.webp?resize=300%2C150&amp;ssl=1 300w, https:\/\/i0.wp.com\/jooisnack.com\/wp-content\/uploads\/2024\/10\/campo-flores-amaranto-filtro-soleado-1.webp?resize=1024%2C513&amp;ssl=1 1024w, https:\/\/i0.wp.com\/jooisnack.com\/wp-content\/uploads\/2024\/10\/campo-flores-amaranto-filtro-soleado-1.webp?resize=768%2C385&amp;ssl=1 768w, https:\/\/i0.wp.com\/jooisnack.com\/wp-content\/uploads\/2024\/10\/campo-flores-amaranto-filtro-soleado-1.webp?resize=1200%2C601&amp;ssl=1 1200w, https:\/\/i0.wp.com\/jooisnack.com\/wp-content\/uploads\/2024\/10\/campo-flores-amaranto-filtro-soleado-1.webp?resize=1320%2C661&amp;ssl=1 1320w\" sizes=\"auto, (max-width: 1000px) 100vw, 1000px\" \/><span aria-hidden=\"true\" class=\"wp-block-cover__background has-theme-5-background-color has-background-dim\"><\/span><div class=\"wp-block-cover__inner-container has-global-padding is-layout-constrained wp-container-core-cover-is-layout-80476da8 wp-block-cover-is-layout-constrained\">\n<div class=\"wp-block-group alignwide is-layout-flow wp-block-group-is-layout-flow\" style=\"margin-top:0;margin-bottom:0;padding-top:0;padding-right:0;padding-bottom:0;padding-left:0\">\n<div class=\"wp-block-columns is-layout-flex wp-container-core-columns-is-layout-f56f613f wp-block-columns-is-layout-flex\">\n<div class=\"wp-block-column is-layout-flow wp-block-column-is-layout-flow\" style=\"flex-basis:33.33%\"><\/div>\n\n\n\n<div class=\"wp-block-column is-vertically-aligned-stretch is-layout-flow wp-block-column-is-layout-flow\" style=\"flex-basis:66.67%\">\n<h2 class=\"wp-block-heading alignwide has-text-align-center text-balance has-xx-large-font-size\" style=\"margin-top:0;margin-right:0;margin-bottom:0;margin-left:0\">Quienes somos?<\/h2>\n\n\n\n<div class=\"wp-block-group is-vertical is-content-justification-center is-layout-flex wp-container-core-group-is-layout-46ceba7c wp-block-group-is-layout-flex\">\n<p class=\"has-text-align-center wp-block-paragraph\">Nuestro equipo, formado \u00edntegramente por mujeres talentosas, es el coraz\u00f3n de nuestra empresa de obleas de amaranto. Con pasi\u00f3n y dedicaci\u00f3n, crean productos nutritivos y deliciosos, llevando la tradici\u00f3n del amaranto a nuevos niveles de calidad e innovaci\u00f3n.<\/p>\n<\/div>\n<\/div>\n\n\n\n<div class=\"wp-block-column is-layout-flow wp-block-column-is-layout-flow\" style=\"flex-basis:33.33%\"><\/div>\n<\/div>\n\n\n\n<div class=\"wp-block-columns are-vertically-aligned-bottom is-layout-flex wp-container-core-columns-is-layout-f56f613f wp-block-columns-is-layout-flex\">\n<div class=\"wp-block-column is-vertically-aligned-bottom is-layout-flow wp-block-column-is-layout-flow\"><\/div>\n\n\n\n<div class=\"wp-block-column is-vertically-aligned-bottom is-layout-flow wp-block-column-is-layout-flow\"><\/div>\n\n\n\n<div class=\"wp-block-column is-vertically-aligned-bottom is-layout-flow wp-block-column-is-layout-flow\"><\/div>\n<\/div>\n<\/div>\n<\/div><\/div>\n\n\n\n<div class=\"wp-block-group alignfull has-global-padding is-content-justification-center is-layout-constrained wp-container-core-group-is-layout-5700a11c wp-block-group-is-layout-constrained\" style=\"margin-top:0;margin-bottom:0\">\n<div style=\"height:var(--wp--preset--spacing--40)\" aria-hidden=\"true\" class=\"wp-block-spacer\"><\/div>\n\n\n\n<h2 class=\"wp-block-heading has-text-align-center\">Conoce al equipo<\/h2>\n\n\n\n<div style=\"height:var(--wp--preset--spacing--20)\" aria-hidden=\"true\" class=\"wp-block-spacer\"><\/div>\n\n\n\n<div class=\"wp-block-group is-layout-grid wp-container-core-group-is-layout-75df726d wp-block-group-is-layout-grid\">\n<div class=\"wp-block-group is-vertical is-content-justification-center is-nowrap is-layout-flex wp-container-core-group-is-layout-c5990947 wp-block-group-is-layout-flex\">\n<figure class=\"wp-block-image size-full has-custom-border\"><img data-recalc-dims=\"1\" loading=\"lazy\" decoding=\"async\" width=\"960\" height=\"1280\" data-attachment-id=\"4237\" data-permalink=\"https:\/\/jooisnack.com\/es\/our-team\/whatsapp-image-2024-12-18-at-3-59-05-pm\/\" data-orig-file=\"https:\/\/i0.wp.com\/jooisnack.com\/wp-content\/uploads\/2025\/01\/WhatsApp-Image-2024-12-18-at-3.59.05-PM.jpeg?fit=960%2C1280&amp;ssl=1\" data-orig-size=\"960,1280\" data-comments-opened=\"1\" data-image-meta=\"{&quot;aperture&quot;:&quot;0&quot;,&quot;credit&quot;:&quot;&quot;,&quot;camera&quot;:&quot;&quot;,&quot;caption&quot;:&quot;&quot;,&quot;created_timestamp&quot;:&quot;0&quot;,&quot;copyright&quot;:&quot;&quot;,&quot;focal_length&quot;:&quot;0&quot;,&quot;iso&quot;:&quot;0&quot;,&quot;shutter_speed&quot;:&quot;0&quot;,&quot;title&quot;:&quot;&quot;,&quot;orientation&quot;:&quot;0&quot;}\" data-image-title=\"WhatsApp Image 2024-12-18 at 3.59.05 PM\" data-image-description=\"\" data-image-caption=\"\" data-large-file=\"https:\/\/i0.wp.com\/jooisnack.com\/wp-content\/uploads\/2025\/01\/WhatsApp-Image-2024-12-18-at-3.59.05-PM.jpeg?fit=768%2C1024&amp;ssl=1\" src=\"https:\/\/i0.wp.com\/jooisnack.com\/wp-content\/uploads\/2025\/01\/WhatsApp-Image-2024-12-18-at-3.59.05-PM.jpeg?resize=960%2C1280&#038;ssl=1\" alt=\"\" class=\"wp-image-4237\" style=\"border-radius:16px;aspect-ratio:3\/4;object-fit:cover\" srcset=\"https:\/\/i0.wp.com\/jooisnack.com\/wp-content\/uploads\/2025\/01\/WhatsApp-Image-2024-12-18-at-3.59.05-PM.jpeg?w=960&amp;ssl=1 960w, https:\/\/i0.wp.com\/jooisnack.com\/wp-content\/uploads\/2025\/01\/WhatsApp-Image-2024-12-18-at-3.59.05-PM.jpeg?resize=225%2C300&amp;ssl=1 225w, https:\/\/i0.wp.com\/jooisnack.com\/wp-content\/uploads\/2025\/01\/WhatsApp-Image-2024-12-18-at-3.59.05-PM.jpeg?resize=768%2C1024&amp;ssl=1 768w, https:\/\/i0.wp.com\/jooisnack.com\/wp-content\/uploads\/2025\/01\/WhatsApp-Image-2024-12-18-at-3.59.05-PM.jpeg?resize=900%2C1200&amp;ssl=1 900w, https:\/\/i0.wp.com\/jooisnack.com\/wp-content\/uploads\/2025\/01\/WhatsApp-Image-2024-12-18-at-3.59.05-PM.jpeg?resize=600%2C800&amp;ssl=1 600w, https:\/\/i0.wp.com\/jooisnack.com\/wp-content\/uploads\/2025\/01\/WhatsApp-Image-2024-12-18-at-3.59.05-PM.jpeg?resize=450%2C600&amp;ssl=1 450w, https:\/\/i0.wp.com\/jooisnack.com\/wp-content\/uploads\/2025\/01\/WhatsApp-Image-2024-12-18-at-3.59.05-PM.jpeg?resize=300%2C400&amp;ssl=1 300w, https:\/\/i0.wp.com\/jooisnack.com\/wp-content\/uploads\/2025\/01\/WhatsApp-Image-2024-12-18-at-3.59.05-PM.jpeg?resize=150%2C200&amp;ssl=1 150w\" sizes=\"auto, (max-width: 960px) 100vw, 960px\" \/><\/figure>\n\n\n\n<div style=\"height:0px\" aria-hidden=\"true\" class=\"wp-block-spacer wp-container-content-c42f3963\"><\/div>\n\n\n\n<div style=\"height:0px\" aria-hidden=\"true\" class=\"wp-block-spacer wp-container-content-fd3097a4\"><\/div>\n<\/div>\n\n\n\n<div class=\"wp-block-group wp-container-content-5e2576f9 is-vertical is-content-justification-left is-nowrap is-layout-flex wp-container-core-group-is-layout-88692b89 wp-block-group-is-layout-flex\">\n<h3 class=\"wp-block-heading has-extra-large-font-size\">Isabela Lima Lemos<\/h3>\n\n\n\n<div style=\"height:33px\" aria-hidden=\"true\" class=\"wp-block-spacer wp-container-content-0a8c718c\"><\/div>\n\n\n\n<p class=\"has-small-font-size wp-block-paragraph\">Siempre me ha fascinado el funcionamiento del cuerpo humano y el impacto de las elecciones de estilo de vida en nuestra salud.<\/p>\n\n\n\n<div style=\"height:0px\" aria-hidden=\"true\" class=\"wp-block-spacer wp-container-content-c42f3963\"><\/div>\n\n\n\n<p class=\"has-small-font-size wp-block-paragraph\">Este inter\u00e9s me ha llevado a llevar un estilo de vida saludable, a ser m\u00e1s consciente de una dieta equilibrada, as\u00ed como llevar una rutina de ejercicios.<\/p>\n\n\n\n<div style=\"height:0px\" aria-hidden=\"true\" class=\"wp-block-spacer wp-container-content-c42f3963\"><\/div>\n\n\n\n<p class=\"has-small-font-size wp-block-paragraph\">\u00a1La comida es medicina! No es s\u00f3lo una fuente de sustento, sino que tambi\u00e9n tiene el poder de curar y nutrir nuestro cuerpo.<\/p>\n\n\n\n<div style=\"height:0px\" aria-hidden=\"true\" class=\"wp-block-spacer wp-container-content-c42f3963\"><\/div>\n\n\n\n<p class=\"has-small-font-size wp-block-paragraph\">Los snacks JOOI no son s\u00f3lo un capricho; son una expresi\u00f3n sincera de nuestra pasi\u00f3n por la vida sana y un arraigado apoyo a la comunidad.&nbsp;<\/p>\n\n\n\n<div style=\"height:0px\" aria-hidden=\"true\" class=\"wp-block-spacer wp-container-content-c42f3963\"><\/div>\n\n\n\n<p class=\"has-small-font-size wp-block-paragraph\">Born from a fusion of love for Amaranth and the commitment to uplift those around us,&nbsp;JOOI embodies the perfect blend of real ingredients and meaningful impact.<\/p>\n\n\n\n<p class=\"wp-block-paragraph\"><\/p>\n\n\n\n<ul class=\"wp-block-social-links has-large-icon-size has-icon-color has-icon-background-color is-style-default is-vertical is-content-justification-left is-layout-flex wp-container-core-social-links-is-layout-68bb95d6 wp-block-social-links-is-layout-flex\" style=\"margin-top:0;margin-right:0;margin-bottom:0;margin-left:0\"><li style=\"color:#fffbfb;background-color:#000000;\" class=\"wp-social-link wp-social-link-instagram has-background-color wp-block-social-link\"><a href=\"https:\/\/www.instagram.com\/belabela_boo\/\" class=\"wp-block-social-link-anchor\"><svg width=\"24\" height=\"24\" viewbox=\"0 0 24 24\" version=\"1.1\" xmlns=\"http:\/\/www.w3.org\/2000\/svg\" aria-hidden=\"true\" focusable=\"false\"><path d=\"M12,4.622c2.403,0,2.688,0.009,3.637,0.052c0.877,0.04,1.354,0.187,1.671,0.31c0.42,0.163,0.72,0.358,1.035,0.673 c0.315,0.315,0.51,0.615,0.673,1.035c0.123,0.317,0.27,0.794,0.31,1.671c0.043,0.949,0.052,1.234,0.052,3.637 s-0.009,2.688-0.052,3.637c-0.04,0.877-0.187,1.354-0.31,1.671c-0.163,0.42-0.358,0.72-0.673,1.035 c-0.315,0.315-0.615,0.51-1.035,0.673c-0.317,0.123-0.794,0.27-1.671,0.31c-0.949,0.043-1.233,0.052-3.637,0.052 s-2.688-0.009-3.637-0.052c-0.877-0.04-1.354-0.187-1.671-0.31c-0.42-0.163-0.72-0.358-1.035-0.673 c-0.315-0.315-0.51-0.615-0.673-1.035c-0.123-0.317-0.27-0.794-0.31-1.671C4.631,14.688,4.622,14.403,4.622,12 s0.009-2.688,0.052-3.637c0.04-0.877,0.187-1.354,0.31-1.671c0.163-0.42,0.358-0.72,0.673-1.035 c0.315-0.315,0.615-0.51,1.035-0.673c0.317-0.123,0.794-0.27,1.671-0.31C9.312,4.631,9.597,4.622,12,4.622 M12,3 C9.556,3,9.249,3.01,8.289,3.054C7.331,3.098,6.677,3.25,6.105,3.472C5.513,3.702,5.011,4.01,4.511,4.511 c-0.5,0.5-0.808,1.002-1.038,1.594C3.25,6.677,3.098,7.331,3.054,8.289C3.01,9.249,3,9.556,3,12c0,2.444,0.01,2.751,0.054,3.711 c0.044,0.958,0.196,1.612,0.418,2.185c0.23,0.592,0.538,1.094,1.038,1.594c0.5,0.5,1.002,0.808,1.594,1.038 c0.572,0.222,1.227,0.375,2.185,0.418C9.249,20.99,9.556,21,12,21s2.751-0.01,3.711-0.054c0.958-0.044,1.612-0.196,2.185-0.418 c0.592-0.23,1.094-0.538,1.594-1.038c0.5-0.5,0.808-1.002,1.038-1.594c0.222-0.572,0.375-1.227,0.418-2.185 C20.99,14.751,21,14.444,21,12s-0.01-2.751-0.054-3.711c-0.044-0.958-0.196-1.612-0.418-2.185c-0.23-0.592-0.538-1.094-1.038-1.594 c-0.5-0.5-1.002-0.808-1.594-1.038c-0.572-0.222-1.227-0.375-2.185-0.418C14.751,3.01,14.444,3,12,3L12,3z M12,7.378 c-2.552,0-4.622,2.069-4.622,4.622S9.448,16.622,12,16.622s4.622-2.069,4.622-4.622S14.552,7.378,12,7.378z M12,15 c-1.657,0-3-1.343-3-3s1.343-3,3-3s3,1.343,3,3S13.657,15,12,15z M16.804,6.116c-0.596,0-1.08,0.484-1.08,1.08 s0.484,1.08,1.08,1.08c0.596,0,1.08-0.484,1.08-1.08S17.401,6.116,16.804,6.116z\"><\/path><\/svg><span class=\"wp-block-social-link-label screen-reader-text\">Instagram<\/span><\/a><\/li><\/ul>\n<\/div>\n\n\n\n<div class=\"wp-block-group wp-container-content-5e2576f9 is-vertical is-content-justification-right is-nowrap is-layout-flex wp-container-core-group-is-layout-66a33685 wp-block-group-is-layout-flex\">\n<h3 class=\"wp-block-heading has-text-align-center has-extra-large-font-size\">Maria Alvarez Garcia<\/h3>\n\n\n\n<div style=\"height:0px\" aria-hidden=\"true\" class=\"wp-block-spacer wp-container-content-c42f3963\"><\/div>\n\n\n\n<p class=\"has-text-align-right has-small-font-size wp-block-paragraph\">Dedicada a la banca de inversi\u00f3n durante muchos a\u00f1os. Mar\u00eda siempre tuvo la necesidad de llevar a cabo un proyecto vital, m\u00e1s all\u00e1 de un objetivo econ\u00f3mico.<\/p>\n\n\n\n<div style=\"height:0px\" aria-hidden=\"true\" class=\"wp-block-spacer wp-container-content-c42f3963\"><\/div>\n\n\n\n<p class=\"has-text-align-right has-small-font-size wp-block-paragraph\">Por casualidad conoci\u00f3 el Amaranto mientras viv\u00eda en M\u00e9xico. En un peque\u00f1o pueblo de Hidalgo encontr\u00f3 en ella y en la comunidad la forma de hacer realidad su prop\u00f3sito de ayudar.<\/p>\n<\/div>\n\n\n\n<div class=\"wp-block-group is-vertical is-content-justification-center is-nowrap is-layout-flex wp-container-core-group-is-layout-c5990947 wp-block-group-is-layout-flex\">\n<figure class=\"wp-block-image size-full has-custom-border\"><img data-recalc-dims=\"1\" loading=\"lazy\" decoding=\"async\" width=\"1067\" height=\"1600\" data-attachment-id=\"4491\" data-permalink=\"https:\/\/jooisnack.com\/es\/our-team\/whatsapp-image-2025-06-24-at-13-32-05\/\" data-orig-file=\"https:\/\/i0.wp.com\/jooisnack.com\/wp-content\/uploads\/2025\/06\/WhatsApp-Image-2025-06-24-at-13.32.05.jpeg?fit=1067%2C1600&amp;ssl=1\" data-orig-size=\"1067,1600\" data-comments-opened=\"1\" data-image-meta=\"{&quot;aperture&quot;:&quot;0&quot;,&quot;credit&quot;:&quot;&quot;,&quot;camera&quot;:&quot;&quot;,&quot;caption&quot;:&quot;&quot;,&quot;created_timestamp&quot;:&quot;0&quot;,&quot;copyright&quot;:&quot;&quot;,&quot;focal_length&quot;:&quot;0&quot;,&quot;iso&quot;:&quot;0&quot;,&quot;shutter_speed&quot;:&quot;0&quot;,&quot;title&quot;:&quot;&quot;,&quot;orientation&quot;:&quot;0&quot;}\" data-image-title=\"WhatsApp Image 2025-06-24 at 13.32.05\" data-image-description=\"\" data-image-caption=\"\" data-large-file=\"https:\/\/i0.wp.com\/jooisnack.com\/wp-content\/uploads\/2025\/06\/WhatsApp-Image-2025-06-24-at-13.32.05.jpeg?fit=683%2C1024&amp;ssl=1\" src=\"https:\/\/i0.wp.com\/jooisnack.com\/wp-content\/uploads\/2025\/06\/WhatsApp-Image-2025-06-24-at-13.32.05.jpeg?resize=1067%2C1600&#038;ssl=1\" alt=\"\" class=\"wp-image-4491\" style=\"border-radius:16px;aspect-ratio:2\/3;object-fit:cover\" srcset=\"https:\/\/i0.wp.com\/jooisnack.com\/wp-content\/uploads\/2025\/06\/WhatsApp-Image-2025-06-24-at-13.32.05.jpeg?w=1067&amp;ssl=1 1067w, https:\/\/i0.wp.com\/jooisnack.com\/wp-content\/uploads\/2025\/06\/WhatsApp-Image-2025-06-24-at-13.32.05.jpeg?resize=200%2C300&amp;ssl=1 200w, https:\/\/i0.wp.com\/jooisnack.com\/wp-content\/uploads\/2025\/06\/WhatsApp-Image-2025-06-24-at-13.32.05.jpeg?resize=683%2C1024&amp;ssl=1 683w, https:\/\/i0.wp.com\/jooisnack.com\/wp-content\/uploads\/2025\/06\/WhatsApp-Image-2025-06-24-at-13.32.05.jpeg?resize=768%2C1152&amp;ssl=1 768w, https:\/\/i0.wp.com\/jooisnack.com\/wp-content\/uploads\/2025\/06\/WhatsApp-Image-2025-06-24-at-13.32.05.jpeg?resize=1024%2C1536&amp;ssl=1 1024w, https:\/\/i0.wp.com\/jooisnack.com\/wp-content\/uploads\/2025\/06\/WhatsApp-Image-2025-06-24-at-13.32.05.jpeg?resize=8%2C12&amp;ssl=1 8w\" sizes=\"auto, (max-width: 1000px) 100vw, 1000px\" \/><\/figure>\n\n\n\n<div style=\"height:0px\" aria-hidden=\"true\" class=\"wp-block-spacer wp-container-content-c42f3963\"><\/div>\n<\/div>\n<\/div>\n\n\n\n<div style=\"height:var(--wp--preset--spacing--40)\" aria-hidden=\"true\" class=\"wp-block-spacer\"><\/div>\n<\/div>","protected":false},"excerpt":{"rendered":"<p>Meet the team Isabela Lima Lemos I have always been fascinated by the way the human body works and the impact of lifestyle choices on our health. This interest has led me to have a healthy lifestyle and be more aware of a balanced diet and exercise routine. Food is medicine! Is not only a [&hellip;]<\/p>\n","protected":false},"author":255652794,"featured_media":0,"parent":0,"menu_order":0,"comment_status":"closed","ping_status":"closed","template":"","meta":{"_crdt_document":"","advanced_seo_description":"","jetpack_seo_html_title":"","jetpack_seo_noindex":false,"footnotes":""},"class_list":["post-2734","page","type-page","status-publish","hentry"],"jetpack_likes_enabled":true,"jetpack_sharing_enabled":true,"jetpack_shortlink":"https:\/\/wp.me\/Pg2lTH-I6","jetpack-related-posts":[],"_links":{"self":[{"href":"https:\/\/jooisnack.com\/es\/wp-json\/wp\/v2\/pages\/2734","targetHints":{"allow":["GET"]}}],"collection":[{"href":"https:\/\/jooisnack.com\/es\/wp-json\/wp\/v2\/pages"}],"about":[{"href":"https:\/\/jooisnack.com\/es\/wp-json\/wp\/v2\/types\/page"}],"author":[{"embeddable":true,"href":"https:\/\/jooisnack.com\/es\/wp-json\/wp\/v2\/users\/255652794"}],"replies":[{"embeddable":true,"href":"https:\/\/jooisnack.com\/es\/wp-json\/wp\/v2\/comments?post=2734"}],"version-history":[{"count":11,"href":"https:\/\/jooisnack.com\/es\/wp-json\/wp\/v2\/pages\/2734\/revisions"}],"predecessor-version":[{"id":4492,"href":"https:\/\/jooisnack.com\/es\/wp-json\/wp\/v2\/pages\/2734\/revisions\/4492"}],"wp:attachment":[{"href":"https:\/\/jooisnack.com\/es\/wp-json\/wp\/v2\/media?parent=2734"}],"curies":[{"name":"wp","href":"https:\/\/api.w.org\/{rel}","templated":true}]}}